{"id":963,"date":"2024-10-16T10:46:19","date_gmt":"2024-10-16T08:46:19","guid":{"rendered":"https:\/\/margheritagelato.ch\/glaces\/"},"modified":"2024-10-22T17:01:39","modified_gmt":"2024-10-22T15:01:39","slug":"glaces","status":"publish","type":"page","link":"https:\/\/gelatomargherita.swiss\/fr\/glaces\/","title":{"rendered":"Glaces"},"content":{"rendered":"\t\t<div data-elementor-type=\"wp-page\" data-elementor-id=\"963\" class=\"elementor elementor-963 elementor-195\" data-elementor-post-type=\"page\">\n\t\t\t\t\t\t<section class=\"elementor-section elementor-top-section elementor-element elementor-element-7dd8360 elementor-section-height-min-height elementor-section-boxed elementor-section-height-default elementor-section-items-middle\" data-id=\"7dd8360\" data-element_type=\"section\" data-e-type=\"section\" data-settings=\"{&quot;background_background&quot;:&quot;classic&quot;}\">\n\t\t\t\t\t\t<div class=\"elementor-container elementor-column-gap-default\">\n\t\t\t\t\t<div class=\"elementor-column elementor-col-100 elementor-top-column elementor-element elementor-element-6804fc0\" data-id=\"6804fc0\" data-element_type=\"column\" data-e-type=\"column\">\n\t\t\t<div class=\"elementor-widget-wrap elementor-element-populated\">\n\t\t\t\t\t\t\t<\/div>\n\t\t<\/div>\n\t\t\t\t\t<\/div>\n\t\t<\/section>\n\t\t\t\t<section class=\"elementor-section elementor-top-section elementor-element elementor-element-b6a2411 elementor-section-boxed elementor-section-height-default elementor-section-height-default\" data-id=\"b6a2411\" data-element_type=\"section\" data-e-type=\"section\">\n\t\t\t\t\t\t<div class=\"elementor-container elementor-column-gap-default\">\n\t\t\t\t\t<div class=\"elementor-column elementor-col-50 elementor-top-column elementor-element elementor-element-afadacb animated-slow elementor-invisible\" data-id=\"afadacb\" data-element_type=\"column\" data-e-type=\"column\" data-settings=\"{&quot;animation&quot;:&quot;fadeInLeft&quot;}\">\n\t\t\t<div class=\"elementor-widget-wrap elementor-element-populated\">\n\t\t\t\t\t\t<div class=\"elementor-element elementor-element-b8b6134 elementor-widget elementor-widget-image\" data-id=\"b8b6134\" data-element_type=\"widget\" data-e-type=\"widget\" data-widget_type=\"image.default\">\n\t\t\t\t<div class=\"elementor-widget-container\">\n\t\t\t\t\t\t\t\t\t\t\t\t\t\t\t<img fetchpriority=\"high\" decoding=\"async\" width=\"2011\" height=\"1490\" src=\"https:\/\/gelatomargherita.swiss\/wp-content\/uploads\/sites\/66\/2024\/10\/gelato.jpg\" class=\"attachment-full size-full wp-image-634\" alt=\"\" srcset=\"https:\/\/gelatomargherita.swiss\/wp-content\/uploads\/sites\/66\/2024\/10\/gelato.jpg 2011w, https:\/\/gelatomargherita.swiss\/wp-content\/uploads\/sites\/66\/2024\/10\/gelato-300x222.jpg 300w, https:\/\/gelatomargherita.swiss\/wp-content\/uploads\/sites\/66\/2024\/10\/gelato-1024x759.jpg 1024w, https:\/\/gelatomargherita.swiss\/wp-content\/uploads\/sites\/66\/2024\/10\/gelato-768x569.jpg 768w, https:\/\/gelatomargherita.swiss\/wp-content\/uploads\/sites\/66\/2024\/10\/gelato-1536x1138.jpg 1536w\" sizes=\"(max-width: 2011px) 100vw, 2011px\" \/>\t\t\t\t\t\t\t\t\t\t\t\t\t\t\t<\/div>\n\t\t\t\t<\/div>\n\t\t\t\t\t<\/div>\n\t\t<\/div>\n\t\t\t\t<div class=\"elementor-column elementor-col-50 elementor-top-column elementor-element elementor-element-4750f6a\" data-id=\"4750f6a\" data-element_type=\"column\" data-e-type=\"column\">\n\t\t\t<div class=\"elementor-widget-wrap elementor-element-populated\">\n\t\t\t\t\t\t<div class=\"elementor-element elementor-element-e5cbf43 animated-slow elementor-invisible elementor-widget elementor-widget-heading\" data-id=\"e5cbf43\" data-element_type=\"widget\" data-e-type=\"widget\" data-settings=\"{&quot;_animation&quot;:&quot;fadeInUp&quot;}\" data-widget_type=\"heading.default\">\n\t\t\t\t<div class=\"elementor-widget-container\">\n\t\t\t\t\t<h3 class=\"elementor-heading-title elementor-size-default\">Notre cr\u00e8me glac\u00e9e artisanale : tradition et innovation<\/h3>\t\t\t\t<\/div>\n\t\t\t\t<\/div>\n\t\t\t\t<div class=\"elementor-element elementor-element-7113b9a elementor-widget elementor-widget-text-editor\" data-id=\"7113b9a\" data-element_type=\"widget\" data-e-type=\"widget\" data-widget_type=\"text-editor.default\">\n\t\t\t\t<div class=\"elementor-widget-container\">\n\t\t\t\t\t\t\t\t\t<p>Nos glaces sont issues de recettes traditionnelles, mais sont constamment adapt\u00e9es pour r\u00e9pondre aux go\u00fbts et aux besoins du march\u00e9 local. Nous accordons une attention particuli\u00e8re aux saveurs typiques et aux pr\u00e9f\u00e9rences r\u00e9gionales, en ajustant les doses et les sucres afin de garantir un \u00e9quilibre parfait entre tradition et innovation. Cela nous permet d&rsquo;offrir un produit en constante \u00e9volution, sans jamais perdre l&rsquo;authenticit\u00e9 du \u00ab\u00a0vrai go\u00fbt\u00a0\u00bb.  <\/p>\n<p>D<strong>es glaces pour tous les go\u00fbts<\/strong> Nous sommes toujours \u00e0 la recherche de nouvelles fa\u00e7ons de satisfaire les besoins de nos clients, en introduisant r\u00e9guli\u00e8rement de nouvelles variations et des solutions pour les personnes ayant un r\u00e9gime alimentaire particulier. Nous proposons des glaces sans lactose, sans gluten et prot\u00e9in\u00e9es, afin que chacun puisse profiter des bienfaits de nos glaces, quels que soient ses besoins alimentaires. <\/p>\n\t\t\t\t\t\t\t\t<\/div>\n\t\t\t\t<\/div>\n\t\t\t\t\t<\/div>\n\t\t<\/div>\n\t\t\t\t\t<\/div>\n\t\t<\/section>\n\t\t\t\t<\/div>\n\t\t","protected":false},"excerpt":{"rendered":"<p>Notre cr\u00e8me glac\u00e9e artisanale : tradition et innovation Nos glaces sont issues de recettes traditionnelles, mais sont constamment adapt\u00e9es pour r\u00e9pondre aux go\u00fbts et aux besoins du march\u00e9 local. Nous accordons une attention particuli\u00e8re aux saveurs typiques et aux pr\u00e9f\u00e9rences r\u00e9gionales, en ajustant les doses et les sucres afin de garantir un \u00e9quilibre parfait entre [&hellip;]<\/p>\n","protected":false},"author":2,"featured_media":0,"parent":0,"menu_order":0,"comment_status":"closed","ping_status":"closed","template":"","meta":{"_seopress_robots_primary_cat":"","_seopress_titles_title":"","_seopress_titles_desc":"","_seopress_robots_index":"","footnotes":""},"class_list":["post-963","page","type-page","status-publish","hentry"],"_links":{"self":[{"href":"https:\/\/gelatomargherita.swiss\/fr\/wp-json\/wp\/v2\/pages\/963","targetHints":{"allow":["GET"]}}],"collection":[{"href":"https:\/\/gelatomargherita.swiss\/fr\/wp-json\/wp\/v2\/pages"}],"about":[{"href":"https:\/\/gelatomargherita.swiss\/fr\/wp-json\/wp\/v2\/types\/page"}],"author":[{"embeddable":true,"href":"https:\/\/gelatomargherita.swiss\/fr\/wp-json\/wp\/v2\/users\/2"}],"replies":[{"embeddable":true,"href":"https:\/\/gelatomargherita.swiss\/fr\/wp-json\/wp\/v2\/comments?post=963"}],"version-history":[{"count":0,"href":"https:\/\/gelatomargherita.swiss\/fr\/wp-json\/wp\/v2\/pages\/963\/revisions"}],"wp:attachment":[{"href":"https:\/\/gelatomargherita.swiss\/fr\/wp-json\/wp\/v2\/media?parent=963"}],"curies":[{"name":"wp","href":"https:\/\/api.w.org\/{rel}","templated":true}]}}