{"id":953,"date":"2024-10-16T10:45:34","date_gmt":"2024-10-16T08:45:34","guid":{"rendered":"https:\/\/margheritagelato.ch\/baratoli\/"},"modified":"2024-10-22T17:01:34","modified_gmt":"2024-10-22T15:01:34","slug":"baratoli","status":"publish","type":"page","link":"https:\/\/gelatomargherita.swiss\/fr\/baratoli\/","title":{"rendered":"Baratoli"},"content":{"rendered":"\t\t<div data-elementor-type=\"wp-page\" data-elementor-id=\"953\" class=\"elementor elementor-953 elementor-202\" data-elementor-post-type=\"page\">\n\t\t\t\t\t\t<section class=\"elementor-section elementor-top-section elementor-element elementor-element-2df9db1 elementor-section-height-min-height elementor-section-boxed elementor-section-height-default elementor-section-items-middle\" data-id=\"2df9db1\" data-element_type=\"section\" data-e-type=\"section\" data-settings=\"{&quot;background_background&quot;:&quot;classic&quot;}\">\n\t\t\t\t\t\t<div class=\"elementor-container elementor-column-gap-default\">\n\t\t\t\t\t<div class=\"elementor-column elementor-col-100 elementor-top-column elementor-element elementor-element-451f5b3\" data-id=\"451f5b3\" data-element_type=\"column\" data-e-type=\"column\">\n\t\t\t<div class=\"elementor-widget-wrap elementor-element-populated\">\n\t\t\t\t\t\t\t<\/div>\n\t\t<\/div>\n\t\t\t\t\t<\/div>\n\t\t<\/section>\n\t\t\t\t<section class=\"elementor-section elementor-top-section elementor-element elementor-element-40a0a16 elementor-section-boxed elementor-section-height-default elementor-section-height-default\" data-id=\"40a0a16\" data-element_type=\"section\" data-e-type=\"section\">\n\t\t\t\t\t\t<div class=\"elementor-container elementor-column-gap-default\">\n\t\t\t\t\t<div class=\"elementor-column elementor-col-50 elementor-top-column elementor-element elementor-element-56007c5 animated-slow elementor-invisible\" data-id=\"56007c5\" data-element_type=\"column\" data-e-type=\"column\" data-settings=\"{&quot;animation&quot;:&quot;fadeInLeft&quot;}\">\n\t\t\t<div class=\"elementor-widget-wrap elementor-element-populated\">\n\t\t\t\t\t\t<div class=\"elementor-element elementor-element-70ac3cc elementor-widget elementor-widget-image\" data-id=\"70ac3cc\" data-element_type=\"widget\" data-e-type=\"widget\" data-widget_type=\"image.default\">\n\t\t\t\t<div class=\"elementor-widget-container\">\n\t\t\t\t\t\t\t\t\t\t\t\t\t\t\t<img fetchpriority=\"high\" decoding=\"async\" width=\"800\" height=\"642\" src=\"https:\/\/gelatomargherita.swiss\/wp-content\/uploads\/sites\/66\/2024\/10\/baratoli-1024x822.jpg\" class=\"attachment-large size-large wp-image-637\" alt=\"\" srcset=\"https:\/\/gelatomargherita.swiss\/wp-content\/uploads\/sites\/66\/2024\/10\/baratoli-1024x822.jpg 1024w, https:\/\/gelatomargherita.swiss\/wp-content\/uploads\/sites\/66\/2024\/10\/baratoli-300x241.jpg 300w, https:\/\/gelatomargherita.swiss\/wp-content\/uploads\/sites\/66\/2024\/10\/baratoli-768x617.jpg 768w, https:\/\/gelatomargherita.swiss\/wp-content\/uploads\/sites\/66\/2024\/10\/baratoli-1536x1233.jpg 1536w, https:\/\/gelatomargherita.swiss\/wp-content\/uploads\/sites\/66\/2024\/10\/baratoli.jpg 2010w\" sizes=\"(max-width: 800px) 100vw, 800px\" \/>\t\t\t\t\t\t\t\t\t\t\t\t\t\t\t<\/div>\n\t\t\t\t<\/div>\n\t\t\t\t\t<\/div>\n\t\t<\/div>\n\t\t\t\t<div class=\"elementor-column elementor-col-50 elementor-top-column elementor-element elementor-element-cf5971d\" data-id=\"cf5971d\" data-element_type=\"column\" data-e-type=\"column\">\n\t\t\t<div class=\"elementor-widget-wrap elementor-element-populated\">\n\t\t\t\t\t\t<div class=\"elementor-element elementor-element-440f41f animated-slow elementor-invisible elementor-widget elementor-widget-heading\" data-id=\"440f41f\" data-element_type=\"widget\" data-e-type=\"widget\" data-settings=\"{&quot;_animation&quot;:&quot;fadeInUp&quot;}\" data-widget_type=\"heading.default\">\n\t\t\t\t<div class=\"elementor-widget-container\">\n\t\t\t\t\t<h3 class=\"elementor-heading-title elementor-size-default\">Praticit\u00e9 et qualit\u00e9 d'ex\u00e9cution<\/h3>\t\t\t\t<\/div>\n\t\t\t\t<\/div>\n\t\t\t\t<div class=\"elementor-element elementor-element-0a280b0 elementor-widget elementor-widget-text-editor\" data-id=\"0a280b0\" data-element_type=\"widget\" data-e-type=\"widget\" data-widget_type=\"text-editor.default\">\n\t\t\t\t<div class=\"elementor-widget-container\">\n\t\t\t\t\t\t\t\t\t<p>Sur un march\u00e9 en constante \u00e9volution, il est essentiel de proposer des produits qui r\u00e9pondent aux besoins des consommateurs modernes. C&rsquo;est pourquoi <strong>Gelateria Margherita<\/strong> a lanc\u00e9 avec succ\u00e8s ses <strong>pots de glace artisanaux<\/strong>, con\u00e7us pour ceux qui recherchent la <strong>commodit\u00e9<\/strong> sans sacrifier la <strong>qualit\u00e9 artisanale<\/strong>. <\/p>\n<p>Nos pots de cr\u00e8me glac\u00e9e sont disponibles dans une large gamme de saveurs soigneusement s\u00e9lectionn\u00e9es et fabriqu\u00e9es \u00e0 partir d&rsquo;ingr\u00e9dients de la plus haute qualit\u00e9. Ce format est id\u00e9al pour ceux qui appr\u00e9cient le raffinement et l&rsquo;authenticit\u00e9, offrant une<strong>exp\u00e9rience de glace gastronomique<\/strong> pr\u00eate \u00e0 \u00eatre d\u00e9gust\u00e9e n&rsquo;importe o\u00f9 et n&rsquo;importe quand. <\/p>\n<p>Vous trouverez les <strong>bo\u00eetes Margherita<\/strong> dans les meilleurs points de vente sp\u00e9cialis\u00e9s, o\u00f9 la tradition de la <strong>glace artisanale<\/strong> rencontre l&rsquo;innovation d&rsquo;un format moderne, parfait pour ceux qui veulent un produit pratique mais authentique.<\/p>\n<p>Choisissez les <strong>pots de glace Margherita<\/strong> pour ramener chez vous le go\u00fbt d&rsquo;une v\u00e9ritable glace artisanale, une combinaison parfaite d&rsquo;<strong>innovation<\/strong> et de <strong>tradition<\/strong>.<\/p>\n\t\t\t\t\t\t\t\t<\/div>\n\t\t\t\t<\/div>\n\t\t\t\t\t<\/div>\n\t\t<\/div>\n\t\t\t\t\t<\/div>\n\t\t<\/section>\n\t\t\t\t<\/div>\n\t\t","protected":false},"excerpt":{"rendered":"<p>Praticit\u00e9 et qualit\u00e9 d&rsquo;ex\u00e9cution Sur un march\u00e9 en constante \u00e9volution, il est essentiel de proposer des produits qui r\u00e9pondent aux besoins des consommateurs modernes. C&rsquo;est pourquoi Gelateria Margherita a lanc\u00e9 avec succ\u00e8s ses pots de glace artisanaux, con\u00e7us pour ceux qui recherchent la commodit\u00e9 sans sacrifier la qualit\u00e9 artisanale. Nos pots de cr\u00e8me glac\u00e9e sont [&hellip;]<\/p>\n","protected":false},"author":2,"featured_media":0,"parent":0,"menu_order":0,"comment_status":"closed","ping_status":"closed","template":"","meta":{"_seopress_robots_primary_cat":"","_seopress_titles_title":"","_seopress_titles_desc":"","_seopress_robots_index":"","footnotes":""},"class_list":["post-953","page","type-page","status-publish","hentry"],"_links":{"self":[{"href":"https:\/\/gelatomargherita.swiss\/fr\/wp-json\/wp\/v2\/pages\/953","targetHints":{"allow":["GET"]}}],"collection":[{"href":"https:\/\/gelatomargherita.swiss\/fr\/wp-json\/wp\/v2\/pages"}],"about":[{"href":"https:\/\/gelatomargherita.swiss\/fr\/wp-json\/wp\/v2\/types\/page"}],"author":[{"embeddable":true,"href":"https:\/\/gelatomargherita.swiss\/fr\/wp-json\/wp\/v2\/users\/2"}],"replies":[{"embeddable":true,"href":"https:\/\/gelatomargherita.swiss\/fr\/wp-json\/wp\/v2\/comments?post=953"}],"version-history":[{"count":0,"href":"https:\/\/gelatomargherita.swiss\/fr\/wp-json\/wp\/v2\/pages\/953\/revisions"}],"wp:attachment":[{"href":"https:\/\/gelatomargherita.swiss\/fr\/wp-json\/wp\/v2\/media?parent=953"}],"curies":[{"name":"wp","href":"https:\/\/api.w.org\/{rel}","templated":true}]}}