{"id":818,"date":"2024-10-16T17:26:45","date_gmt":"2024-10-16T15:26:45","guid":{"rendered":"https:\/\/margheritagelato.ch\/impressum\/"},"modified":"2024-12-30T17:20:01","modified_gmt":"2024-12-30T16:20:01","slug":"impressum","status":"publish","type":"page","link":"https:\/\/gelatomargherita.swiss\/fr\/impressum\/","title":{"rendered":"Impressum"},"content":{"rendered":"\n<p><br\/><br\/><br\/><br\/>P<strong>ropri\u00e9taire du site :<\/strong><strong>Gelateria Margherita<\/strong><strong>Futura 997 SA<\/strong> Via Cantonale 89 6595 Lavertezzo Piano, Suisse<\/p>\n\n<p><br\/>N<strong>um\u00e9ro de registre du commerce<\/strong>: CH-501.3.013.617-8 IDI\/VAT : CHE-115.148.617<\/p>\n\n<p><strong>Repr\u00e9sentant l\u00e9gal :<\/strong><br\/><strong>Gelateria Margherita<\/strong><br\/><strong>Futura 997 SA<\/strong><\/p>\n\n<p><br\/><br\/><br\/>C<strong>ontact :<\/strong><strong>T\u00e9l\u00e9phone<\/strong>: +41 79 419 51 45<strong>Courriel<\/strong>: <a href=\"mailto:info@gelateriamargherita.ch\">info@gelateriamargherita.ch<\/a><strong>Site web<\/strong>: <a href=\"http:\/\/www.margherita.swiss\">www.margherita.swiss<\/a><\/p>\n\n<p><\/p>\n","protected":false},"excerpt":{"rendered":"<p>Propri\u00e9taire du site :Gelateria MargheritaFutura 997 SA Via Cantonale 89 6595 Lavertezzo Piano, Suisse Num\u00e9ro de registre du commerce: CH-501.3.013.617-8 IDI\/VAT : CHE-115.148.617 Repr\u00e9sentant l\u00e9gal :Gelateria MargheritaFutura 997 SA Contact :T\u00e9l\u00e9phone: +41 79 419 51 45Courriel: info@gelateriamargherita.chSite web: www.margherita.swiss<\/p>\n","protected":false},"author":2,"featured_media":0,"parent":0,"menu_order":0,"comment_status":"closed","ping_status":"closed","template":"","meta":{"_seopress_robots_primary_cat":"","_seopress_titles_title":"","_seopress_titles_desc":"","_seopress_robots_index":"","footnotes":""},"class_list":["post-818","page","type-page","status-publish","hentry"],"_links":{"self":[{"href":"https:\/\/gelatomargherita.swiss\/fr\/wp-json\/wp\/v2\/pages\/818","targetHints":{"allow":["GET"]}}],"collection":[{"href":"https:\/\/gelatomargherita.swiss\/fr\/wp-json\/wp\/v2\/pages"}],"about":[{"href":"https:\/\/gelatomargherita.swiss\/fr\/wp-json\/wp\/v2\/types\/page"}],"author":[{"embeddable":true,"href":"https:\/\/gelatomargherita.swiss\/fr\/wp-json\/wp\/v2\/users\/2"}],"replies":[{"embeddable":true,"href":"https:\/\/gelatomargherita.swiss\/fr\/wp-json\/wp\/v2\/comments?post=818"}],"version-history":[{"count":0,"href":"https:\/\/gelatomargherita.swiss\/fr\/wp-json\/wp\/v2\/pages\/818\/revisions"}],"wp:attachment":[{"href":"https:\/\/gelatomargherita.swiss\/fr\/wp-json\/wp\/v2\/media?parent=818"}],"curies":[{"name":"wp","href":"https:\/\/api.w.org\/{rel}","templated":true}]}}