{"id":804,"date":"2024-10-15T10:01:30","date_gmt":"2024-10-15T08:01:30","guid":{"rendered":"https:\/\/margheritagelato.ch\/boutique\/"},"modified":"2024-10-22T17:00:16","modified_gmt":"2024-10-22T15:00:16","slug":"boutique","status":"publish","type":"page","link":"https:\/\/gelatomargherita.swiss\/fr\/boutique\/","title":{"rendered":"Boutique"},"content":{"rendered":"\t\t<div data-elementor-type=\"wp-page\" data-elementor-id=\"804\" class=\"elementor elementor-804 elementor-126\" data-elementor-post-type=\"page\">\n\t\t\t\t\t\t<section class=\"elementor-section elementor-top-section elementor-element elementor-element-50279d4 elementor-section-height-min-height elementor-section-boxed elementor-section-height-default elementor-section-items-middle\" data-id=\"50279d4\" data-element_type=\"section\" data-e-type=\"section\" data-settings=\"{&quot;background_background&quot;:&quot;classic&quot;}\">\n\t\t\t\t\t\t<div class=\"elementor-container elementor-column-gap-default\">\n\t\t\t\t\t<div class=\"elementor-column elementor-col-100 elementor-top-column elementor-element elementor-element-895e8cb\" data-id=\"895e8cb\" data-element_type=\"column\" data-e-type=\"column\">\n\t\t\t<div class=\"elementor-widget-wrap elementor-element-populated\">\n\t\t\t\t\t\t\t<\/div>\n\t\t<\/div>\n\t\t\t\t\t<\/div>\n\t\t<\/section>\n\t\t\t\t<section class=\"elementor-section elementor-top-section elementor-element elementor-element-1c96295 elementor-section-boxed elementor-section-height-default elementor-section-height-default\" data-id=\"1c96295\" data-element_type=\"section\" data-e-type=\"section\">\n\t\t\t\t\t\t<div class=\"elementor-container elementor-column-gap-default\">\n\t\t\t\t\t<div class=\"elementor-column elementor-col-50 elementor-top-column elementor-element elementor-element-1979d27 animated-slow elementor-invisible\" data-id=\"1979d27\" data-element_type=\"column\" data-e-type=\"column\" data-settings=\"{&quot;animation&quot;:&quot;fadeInLeft&quot;}\">\n\t\t\t<div class=\"elementor-widget-wrap elementor-element-populated\">\n\t\t\t\t\t\t<div class=\"elementor-element elementor-element-eb6695d elementor-widget elementor-widget-image\" data-id=\"eb6695d\" data-element_type=\"widget\" data-e-type=\"widget\" data-widget_type=\"image.default\">\n\t\t\t\t<div class=\"elementor-widget-container\">\n\t\t\t\t\t\t\t\t\t\t\t\t\t\t\t<img fetchpriority=\"high\" decoding=\"async\" width=\"1356\" height=\"1038\" src=\"https:\/\/gelatomargherita.swiss\/wp-content\/uploads\/sites\/66\/2024\/10\/negozio.jpg\" class=\"attachment-full size-full wp-image-619\" alt=\"\" srcset=\"https:\/\/gelatomargherita.swiss\/wp-content\/uploads\/sites\/66\/2024\/10\/negozio.jpg 1356w, https:\/\/gelatomargherita.swiss\/wp-content\/uploads\/sites\/66\/2024\/10\/negozio-300x230.jpg 300w, https:\/\/gelatomargherita.swiss\/wp-content\/uploads\/sites\/66\/2024\/10\/negozio-1024x784.jpg 1024w, https:\/\/gelatomargherita.swiss\/wp-content\/uploads\/sites\/66\/2024\/10\/negozio-768x588.jpg 768w\" sizes=\"(max-width: 1356px) 100vw, 1356px\" \/>\t\t\t\t\t\t\t\t\t\t\t\t\t\t\t<\/div>\n\t\t\t\t<\/div>\n\t\t\t\t\t<\/div>\n\t\t<\/div>\n\t\t\t\t<div class=\"elementor-column elementor-col-50 elementor-top-column elementor-element elementor-element-189ca3d\" data-id=\"189ca3d\" data-element_type=\"column\" data-e-type=\"column\">\n\t\t\t<div class=\"elementor-widget-wrap elementor-element-populated\">\n\t\t\t\t\t\t<div class=\"elementor-element elementor-element-f025560 animated-slow elementor-invisible elementor-widget elementor-widget-heading\" data-id=\"f025560\" data-element_type=\"widget\" data-e-type=\"widget\" data-settings=\"{&quot;_animation&quot;:&quot;fadeInUp&quot;}\" data-widget_type=\"heading.default\">\n\t\t\t\t<div class=\"elementor-widget-container\">\n\t\t\t\t\t<h3 class=\"elementor-heading-title elementor-size-default\">Innovation et qualit\u00e9 de l'artisanat<\/h3>\t\t\t\t<\/div>\n\t\t\t\t<\/div>\n\t\t\t\t<div class=\"elementor-element elementor-element-41ccc35 elementor-widget elementor-widget-text-editor\" data-id=\"41ccc35\" data-element_type=\"widget\" data-e-type=\"widget\" data-widget_type=\"text-editor.default\">\n\t\t\t\t<div class=\"elementor-widget-container\">\n\t\t\t\t\t\t\t\t\t<p>Notre objectif est d&rsquo;\u00e9tendre le r\u00e9seau de <strong>boutiques Margherita<\/strong>, en commen\u00e7ant par l&rsquo;ouverture d&rsquo;une boutique pilote, puis en planifiant progressivement d&rsquo;autres ouvertures. Sur la base de notre exp\u00e9rience, nous pr\u00e9voyons d&rsquo;ouvrir au moins cinq boutiques, offrant ainsi la possibilit\u00e9 d&rsquo;apporter la <strong>glace Margherita<\/strong> directement aux clients. <\/p>\n<p>Outre la glace, chaque point de vente proposera une gamme de produits compl\u00e9mentaires, toujours en rapport avec l&rsquo;univers de la glace, afin d&rsquo;assurer un large choix et de r\u00e9pondre aux diff\u00e9rents besoins du client.<\/p>\n<p>Nos magasins seront \u00e9quip\u00e9s des meilleurs mat\u00e9riaux et machines pour cr\u00e9er un environnement attrayant et innovant. Le d\u00e9cor sera caract\u00e9ris\u00e9 par les couleurs de l&rsquo;entreprise, le <strong>marron (bois)<\/strong> et le <strong>bleu clair<\/strong>, avec des <strong>vitrines<\/strong> pour mettre en valeur nos produits. En fonction de l&#8217;emplacement, une <strong>vitrine<\/strong> peut \u00e9galement \u00eatre install\u00e9e.  <\/p>\n<p>Chaque magasin aura une superficie de <strong>20 \u00e0 40 m\u00e8tres carr\u00e9s<\/strong> et sera con\u00e7u de mani\u00e8re \u00e0 privil\u00e9gier les espaces ouverts et lumineux, \u00e9ventuellement situ\u00e9s dans un angle pour une meilleure visibilit\u00e9.<\/p>\n<p>L&rsquo;investissement pour l&rsquo;ouverture d&rsquo;un magasin est d&rsquo;environ <strong>70 000 CHF<\/strong> et le magasin sera g\u00e9r\u00e9 par une \u00e9quipe d&rsquo;environ <strong>quatre personnes<\/strong>, garantissant une ouverture annuelle. Pendant la saison, le nombre de personnes peut \u00eatre r\u00e9duit en fonction des besoins. <\/p>\n\t\t\t\t\t\t\t\t<\/div>\n\t\t\t\t<\/div>\n\t\t\t\t\t<\/div>\n\t\t<\/div>\n\t\t\t\t\t<\/div>\n\t\t<\/section>\n\t\t<div class=\"elementor-element elementor-element-fffbb41 e-flex e-con-boxed e-con e-parent\" data-id=\"fffbb41\" data-element_type=\"container\" data-e-type=\"container\">\n\t\t\t\t\t<div class=\"e-con-inner\">\n\t\t\t\t<div class=\"elementor-element elementor-element-b5c5f68 elementor-widget elementor-widget-gallery\" data-id=\"b5c5f68\" data-element_type=\"widget\" data-e-type=\"widget\" data-settings=\"{&quot;gallery_layout&quot;:&quot;masonry&quot;,&quot;columns_mobile&quot;:2,&quot;lazyload&quot;:&quot;yes&quot;,&quot;columns&quot;:4,&quot;columns_tablet&quot;:2,&quot;gap&quot;:{&quot;unit&quot;:&quot;px&quot;,&quot;size&quot;:10,&quot;sizes&quot;:[]},&quot;gap_tablet&quot;:{&quot;unit&quot;:&quot;px&quot;,&quot;size&quot;:10,&quot;sizes&quot;:[]},&quot;gap_mobile&quot;:{&quot;unit&quot;:&quot;px&quot;,&quot;size&quot;:10,&quot;sizes&quot;:[]},&quot;link_to&quot;:&quot;file&quot;,&quot;overlay_background&quot;:&quot;yes&quot;,&quot;content_hover_animation&quot;:&quot;fade-in&quot;}\" data-widget_type=\"gallery.default\">\n\t\t\t\t<div class=\"elementor-widget-container\">\n\t\t\t\t\t\t\t<div class=\"elementor-gallery__container\">\n\t\t\t\t\t\t\t<a class=\"e-gallery-item elementor-gallery-item elementor-animated-content\" href=\"https:\/\/gelatomargherita.swiss\/wp-content\/uploads\/sites\/66\/2024\/10\/IMG-20241018-WA0003.jpg\" data-elementor-open-lightbox=\"yes\" data-elementor-lightbox-slideshow=\"b5c5f68\" data-elementor-lightbox-title=\"IMG-20241018-WA0003\" data-e-action-hash=\"#elementor-action%3Aaction%3Dlightbox%26settings%3DeyJpZCI6NDUyLCJ1cmwiOiJodHRwczpcL1wvZ2VsYXRvbWFyZ2hlcml0YS5zd2lzc1wvd3AtY29udGVudFwvdXBsb2Fkc1wvc2l0ZXNcLzY2XC8yMDI0XC8xMFwvSU1HLTIwMjQxMDE4LVdBMDAwMy5qcGciLCJzbGlkZXNob3ciOiJiNWM1ZjY4In0%3D\">\n\t\t\t\t\t<div class=\"e-gallery-image elementor-gallery-item__image\" data-thumbnail=\"https:\/\/gelatomargherita.swiss\/wp-content\/uploads\/sites\/66\/2024\/10\/IMG-20241018-WA0003-1152x1536.jpg\" data-width=\"1152\" data-height=\"1536\" aria-label=\"\" role=\"img\" ><\/div>\n\t\t\t\t\t\t\t\t\t\t\t<div class=\"elementor-gallery-item__overlay\"><\/div>\n\t\t\t\t\t\t\t\t\t\t\t\t\t\t<\/a>\n\t\t\t\t\t\t\t<a class=\"e-gallery-item elementor-gallery-item elementor-animated-content\" href=\"https:\/\/gelatomargherita.swiss\/wp-content\/uploads\/sites\/66\/2024\/10\/IMG-20241018-WA0007-1.jpg\" data-elementor-open-lightbox=\"yes\" data-elementor-lightbox-slideshow=\"b5c5f68\" data-elementor-lightbox-title=\"IMG-20241018-WA0007\" data-e-action-hash=\"#elementor-action%3Aaction%3Dlightbox%26settings%3DeyJpZCI6NDUzLCJ1cmwiOiJodHRwczpcL1wvZ2VsYXRvbWFyZ2hlcml0YS5zd2lzc1wvd3AtY29udGVudFwvdXBsb2Fkc1wvc2l0ZXNcLzY2XC8yMDI0XC8xMFwvSU1HLTIwMjQxMDE4LVdBMDAwNy0xLmpwZyIsInNsaWRlc2hvdyI6ImI1YzVmNjgifQ%3D%3D\">\n\t\t\t\t\t<div class=\"e-gallery-image elementor-gallery-item__image\" data-thumbnail=\"https:\/\/gelatomargherita.swiss\/wp-content\/uploads\/sites\/66\/2024\/10\/IMG-20241018-WA0007-1.jpg\" data-width=\"960\" data-height=\"720\" aria-label=\"\" role=\"img\" ><\/div>\n\t\t\t\t\t\t\t\t\t\t\t<div class=\"elementor-gallery-item__overlay\"><\/div>\n\t\t\t\t\t\t\t\t\t\t\t\t\t\t<\/a>\n\t\t\t\t\t\t\t<a class=\"e-gallery-item elementor-gallery-item elementor-animated-content\" href=\"https:\/\/gelatomargherita.swiss\/wp-content\/uploads\/sites\/66\/2024\/10\/unnamed-file.jpg\" data-elementor-open-lightbox=\"yes\" data-elementor-lightbox-slideshow=\"b5c5f68\" data-elementor-lightbox-title=\".jpg\" data-e-action-hash=\"#elementor-action%3Aaction%3Dlightbox%26settings%3DeyJpZCI6NDU0LCJ1cmwiOiJodHRwczpcL1wvZ2VsYXRvbWFyZ2hlcml0YS5zd2lzc1wvd3AtY29udGVudFwvdXBsb2Fkc1wvc2l0ZXNcLzY2XC8yMDI0XC8xMFwvdW5uYW1lZC1maWxlLmpwZyIsInNsaWRlc2hvdyI6ImI1YzVmNjgifQ%3D%3D\">\n\t\t\t\t\t<div class=\"e-gallery-image elementor-gallery-item__image\" data-thumbnail=\"https:\/\/gelatomargherita.swiss\/wp-content\/uploads\/sites\/66\/2024\/10\/unnamed-file.jpg\" data-width=\"960\" data-height=\"720\" aria-label=\"\" role=\"img\" ><\/div>\n\t\t\t\t\t\t\t\t\t\t\t<div class=\"elementor-gallery-item__overlay\"><\/div>\n\t\t\t\t\t\t\t\t\t\t\t\t\t\t<\/a>\n\t\t\t\t\t\t\t<a class=\"e-gallery-item elementor-gallery-item elementor-animated-content\" href=\"https:\/\/gelatomargherita.swiss\/wp-content\/uploads\/sites\/66\/2024\/10\/IMG-20241018-WA0011.jpg\" data-elementor-open-lightbox=\"yes\" data-elementor-lightbox-slideshow=\"b5c5f68\" data-elementor-lightbox-title=\"IMG-20241018-WA0011\" data-e-action-hash=\"#elementor-action%3Aaction%3Dlightbox%26settings%3DeyJpZCI6NDU1LCJ1cmwiOiJodHRwczpcL1wvZ2VsYXRvbWFyZ2hlcml0YS5zd2lzc1wvd3AtY29udGVudFwvdXBsb2Fkc1wvc2l0ZXNcLzY2XC8yMDI0XC8xMFwvSU1HLTIwMjQxMDE4LVdBMDAxMS5qcGciLCJzbGlkZXNob3ciOiJiNWM1ZjY4In0%3D\">\n\t\t\t\t\t<div class=\"e-gallery-image elementor-gallery-item__image\" data-thumbnail=\"https:\/\/gelatomargherita.swiss\/wp-content\/uploads\/sites\/66\/2024\/10\/IMG-20241018-WA0011.jpg\" data-width=\"960\" data-height=\"720\" aria-label=\"\" role=\"img\" ><\/div>\n\t\t\t\t\t\t\t\t\t\t\t<div class=\"elementor-gallery-item__overlay\"><\/div>\n\t\t\t\t\t\t\t\t\t\t\t\t\t\t<\/a>\n\t\t\t\t\t\t\t<a class=\"e-gallery-item elementor-gallery-item elementor-animated-content\" href=\"https:\/\/gelatomargherita.swiss\/wp-content\/uploads\/sites\/66\/2024\/10\/IMG-20241018-WA0006.jpg\" data-elementor-open-lightbox=\"yes\" data-elementor-lightbox-slideshow=\"b5c5f68\" data-elementor-lightbox-title=\"IMG-20241018-WA0006\" data-e-action-hash=\"#elementor-action%3Aaction%3Dlightbox%26settings%3DeyJpZCI6NDU2LCJ1cmwiOiJodHRwczpcL1wvZ2VsYXRvbWFyZ2hlcml0YS5zd2lzc1wvd3AtY29udGVudFwvdXBsb2Fkc1wvc2l0ZXNcLzY2XC8yMDI0XC8xMFwvSU1HLTIwMjQxMDE4LVdBMDAwNi5qcGciLCJzbGlkZXNob3ciOiJiNWM1ZjY4In0%3D\">\n\t\t\t\t\t<div class=\"e-gallery-image elementor-gallery-item__image\" data-thumbnail=\"https:\/\/gelatomargherita.swiss\/wp-content\/uploads\/sites\/66\/2024\/10\/IMG-20241018-WA0006.jpg\" data-width=\"720\" data-height=\"960\" aria-label=\"\" role=\"img\" ><\/div>\n\t\t\t\t\t\t\t\t\t\t\t<div class=\"elementor-gallery-item__overlay\"><\/div>\n\t\t\t\t\t\t\t\t\t\t\t\t\t\t<\/a>\n\t\t\t\t\t\t\t<a class=\"e-gallery-item elementor-gallery-item elementor-animated-content\" href=\"https:\/\/gelatomargherita.swiss\/wp-content\/uploads\/sites\/66\/2024\/10\/IMG-20241018-WA0014.jpg\" data-elementor-open-lightbox=\"yes\" data-elementor-lightbox-slideshow=\"b5c5f68\" data-elementor-lightbox-title=\"IMG-20241018-WA0014\" data-e-action-hash=\"#elementor-action%3Aaction%3Dlightbox%26settings%3DeyJpZCI6NDU4LCJ1cmwiOiJodHRwczpcL1wvZ2VsYXRvbWFyZ2hlcml0YS5zd2lzc1wvd3AtY29udGVudFwvdXBsb2Fkc1wvc2l0ZXNcLzY2XC8yMDI0XC8xMFwvSU1HLTIwMjQxMDE4LVdBMDAxNC5qcGciLCJzbGlkZXNob3ciOiJiNWM1ZjY4In0%3D\">\n\t\t\t\t\t<div class=\"e-gallery-image elementor-gallery-item__image\" data-thumbnail=\"https:\/\/gelatomargherita.swiss\/wp-content\/uploads\/sites\/66\/2024\/10\/IMG-20241018-WA0014.jpg\" data-width=\"640\" data-height=\"640\" aria-label=\"\" role=\"img\" ><\/div>\n\t\t\t\t\t\t\t\t\t\t\t<div class=\"elementor-gallery-item__overlay\"><\/div>\n\t\t\t\t\t\t\t\t\t\t\t\t\t\t<\/a>\n\t\t\t\t\t<\/div>\n\t\t\t\t\t<\/div>\n\t\t\t\t<\/div>\n\t\t\t\t\t<\/div>\n\t\t\t\t<\/div>\n\t\t\t\t<section class=\"elementor-section elementor-top-section elementor-element elementor-element-aa4de65 elementor-section-boxed elementor-section-height-default elementor-section-height-default\" data-id=\"aa4de65\" data-element_type=\"section\" data-e-type=\"section\" data-settings=\"{&quot;background_background&quot;:&quot;classic&quot;}\">\n\t\t\t\t\t\t\t<div class=\"elementor-background-overlay\"><\/div>\n\t\t\t\t\t\t\t<div class=\"elementor-container elementor-column-gap-default\">\n\t\t\t\t\t<div class=\"elementor-column elementor-col-100 elementor-top-column elementor-element elementor-element-60ec1da\" data-id=\"60ec1da\" data-element_type=\"column\" data-e-type=\"column\">\n\t\t\t<div class=\"elementor-widget-wrap elementor-element-populated\">\n\t\t\t\t\t\t<div class=\"elementor-element elementor-element-7361837 elementor-widget elementor-widget-heading\" data-id=\"7361837\" data-element_type=\"widget\" data-e-type=\"widget\" data-widget_type=\"heading.default\">\n\t\t\t\t<div class=\"elementor-widget-container\">\n\t\t\t\t\t<h3 class=\"elementor-heading-title elementor-size-default\">Ouvrez votre propre magasin Gelato Margherita<\/h3>\t\t\t\t<\/div>\n\t\t\t\t<\/div>\n\t\t\t\t<div class=\"elementor-element elementor-element-d967039 elementor-widget elementor-widget-text-editor\" data-id=\"d967039\" data-element_type=\"widget\" data-e-type=\"widget\" data-widget_type=\"text-editor.default\">\n\t\t\t\t<div class=\"elementor-widget-container\">\n\t\t\t\t\t\t\t\t\t<p>Rejoignez-nous pour l&rsquo;ouverture de notre boutique, o\u00f9 la cr\u00e8me glac\u00e9e devient une exp\u00e9rience unique gr\u00e2ce \u00e0 des produits de haute qualit\u00e9 et \u00e0 un design soign\u00e9. Gr\u00e2ce \u00e0 un investissement cibl\u00e9 et \u00e0 une expansion future planifi\u00e9e, vous aurez l&rsquo;occasion d&rsquo;\u00eatre parmi les premiers \u00e0 d\u00e9couvrir et \u00e0 partager le go\u00fbt de la glace artisanale dans un environnement moderne et accueillant. Choisissez l&rsquo;excellence et investissez avec nous dans l&rsquo;avenir de la glace !  <\/p>\n\t\t\t\t\t\t\t\t<\/div>\n\t\t\t\t<\/div>\n\t\t\t\t<div class=\"elementor-element elementor-element-bd1ac82 elementor-align-center elementor-widget elementor-widget-button\" data-id=\"bd1ac82\" data-element_type=\"widget\" data-e-type=\"widget\" data-widget_type=\"button.default\">\n\t\t\t\t<div class=\"elementor-widget-container\">\n\t\t\t\t\t\t\t\t\t<div class=\"elementor-button-wrapper\">\n\t\t\t\t\t<a class=\"elementor-button elementor-button-link elementor-size-sm\" href=\"https:\/\/gelatomargherita.swiss\/contatti\/\">\n\t\t\t\t\t\t<span class=\"elementor-button-content-wrapper\">\n\t\t\t\t\t\t\t\t\t<span class=\"elementor-button-text\">En savoir plus<\/span>\n\t\t\t\t\t<\/span>\n\t\t\t\t\t<\/a>\n\t\t\t\t<\/div>\n\t\t\t\t\t\t\t\t<\/div>\n\t\t\t\t<\/div>\n\t\t\t\t\t<\/div>\n\t\t<\/div>\n\t\t\t\t\t<\/div>\n\t\t<\/section>\n\t\t\t\t<\/div>\n\t\t","protected":false},"excerpt":{"rendered":"<p>Innovation et qualit\u00e9 de l&rsquo;artisanat Notre objectif est d&rsquo;\u00e9tendre le r\u00e9seau de boutiques Margherita, en commen\u00e7ant par l&rsquo;ouverture d&rsquo;une boutique pilote, puis en planifiant progressivement d&rsquo;autres ouvertures. Sur la base de notre exp\u00e9rience, nous pr\u00e9voyons d&rsquo;ouvrir au moins cinq boutiques, offrant ainsi la possibilit\u00e9 d&rsquo;apporter la glace Margherita directement aux clients. Outre la glace, chaque [&hellip;]<\/p>\n","protected":false},"author":2,"featured_media":0,"parent":0,"menu_order":0,"comment_status":"closed","ping_status":"closed","template":"elementor_header_footer","meta":{"_seopress_robots_primary_cat":"","_seopress_titles_title":"Ice Cream Shop Margherita | Ouvrez votre propre magasin de glaces","_seopress_titles_desc":"D\u00e9couvrez comment ouvrir votre propre magasin Gelato Margherita. Une occasion unique d'apporter un v\u00e9ritable gelato artisanal dans votre ville, avec un soutien complet et un design innovant. Rejoignez notre r\u00e9seau de points de vente et offrez \u00e0 vos clients une exp\u00e9rience de qualit\u00e9.  ","_seopress_robots_index":"","footnotes":""},"class_list":["post-804","page","type-page","status-publish","hentry"],"_links":{"self":[{"href":"https:\/\/gelatomargherita.swiss\/fr\/wp-json\/wp\/v2\/pages\/804","targetHints":{"allow":["GET"]}}],"collection":[{"href":"https:\/\/gelatomargherita.swiss\/fr\/wp-json\/wp\/v2\/pages"}],"about":[{"href":"https:\/\/gelatomargherita.swiss\/fr\/wp-json\/wp\/v2\/types\/page"}],"author":[{"embeddable":true,"href":"https:\/\/gelatomargherita.swiss\/fr\/wp-json\/wp\/v2\/users\/2"}],"replies":[{"embeddable":true,"href":"https:\/\/gelatomargherita.swiss\/fr\/wp-json\/wp\/v2\/comments?post=804"}],"version-history":[{"count":0,"href":"https:\/\/gelatomargherita.swiss\/fr\/wp-json\/wp\/v2\/pages\/804\/revisions"}],"wp:attachment":[{"href":"https:\/\/gelatomargherita.swiss\/fr\/wp-json\/wp\/v2\/media?parent=804"}],"curies":[{"name":"wp","href":"https:\/\/api.w.org\/{rel}","templated":true}]}}