{"id":967,"date":"2024-10-16T10:46:19","date_gmt":"2024-10-16T08:46:19","guid":{"rendered":"https:\/\/margheritagelato.ch\/eiscreme\/"},"modified":"2024-10-22T17:01:39","modified_gmt":"2024-10-22T15:01:39","slug":"eiscreme","status":"publish","type":"page","link":"https:\/\/gelatomargherita.swiss\/de\/eiscreme\/","title":{"rendered":"Eiscreme"},"content":{"rendered":"\t\t<div data-elementor-type=\"wp-page\" data-elementor-id=\"967\" class=\"elementor elementor-967 elementor-195\" data-elementor-post-type=\"page\">\n\t\t\t\t\t\t<section class=\"elementor-section elementor-top-section elementor-element elementor-element-7dd8360 elementor-section-height-min-height elementor-section-boxed elementor-section-height-default elementor-section-items-middle\" data-id=\"7dd8360\" data-element_type=\"section\" data-e-type=\"section\" data-settings=\"{&quot;background_background&quot;:&quot;classic&quot;}\">\n\t\t\t\t\t\t<div class=\"elementor-container elementor-column-gap-default\">\n\t\t\t\t\t<div class=\"elementor-column elementor-col-100 elementor-top-column elementor-element elementor-element-6804fc0\" data-id=\"6804fc0\" data-element_type=\"column\" data-e-type=\"column\">\n\t\t\t<div class=\"elementor-widget-wrap elementor-element-populated\">\n\t\t\t\t\t\t\t<\/div>\n\t\t<\/div>\n\t\t\t\t\t<\/div>\n\t\t<\/section>\n\t\t\t\t<section class=\"elementor-section elementor-top-section elementor-element elementor-element-b6a2411 elementor-section-boxed elementor-section-height-default elementor-section-height-default\" data-id=\"b6a2411\" data-element_type=\"section\" data-e-type=\"section\">\n\t\t\t\t\t\t<div class=\"elementor-container elementor-column-gap-default\">\n\t\t\t\t\t<div class=\"elementor-column elementor-col-50 elementor-top-column elementor-element elementor-element-afadacb animated-slow elementor-invisible\" data-id=\"afadacb\" data-element_type=\"column\" data-e-type=\"column\" data-settings=\"{&quot;animation&quot;:&quot;fadeInLeft&quot;}\">\n\t\t\t<div class=\"elementor-widget-wrap elementor-element-populated\">\n\t\t\t\t\t\t<div class=\"elementor-element elementor-element-b8b6134 elementor-widget elementor-widget-image\" data-id=\"b8b6134\" data-element_type=\"widget\" data-e-type=\"widget\" data-widget_type=\"image.default\">\n\t\t\t\t<div class=\"elementor-widget-container\">\n\t\t\t\t\t\t\t\t\t\t\t\t\t\t\t<img fetchpriority=\"high\" decoding=\"async\" width=\"2011\" height=\"1490\" src=\"https:\/\/gelatomargherita.swiss\/wp-content\/uploads\/sites\/66\/2024\/10\/gelato.jpg\" class=\"attachment-full size-full wp-image-635\" alt=\"\" srcset=\"https:\/\/gelatomargherita.swiss\/wp-content\/uploads\/sites\/66\/2024\/10\/gelato.jpg 2011w, https:\/\/gelatomargherita.swiss\/wp-content\/uploads\/sites\/66\/2024\/10\/gelato-300x222.jpg 300w, https:\/\/gelatomargherita.swiss\/wp-content\/uploads\/sites\/66\/2024\/10\/gelato-1024x759.jpg 1024w, https:\/\/gelatomargherita.swiss\/wp-content\/uploads\/sites\/66\/2024\/10\/gelato-768x569.jpg 768w, https:\/\/gelatomargherita.swiss\/wp-content\/uploads\/sites\/66\/2024\/10\/gelato-1536x1138.jpg 1536w\" sizes=\"(max-width: 2011px) 100vw, 2011px\" \/>\t\t\t\t\t\t\t\t\t\t\t\t\t\t\t<\/div>\n\t\t\t\t<\/div>\n\t\t\t\t\t<\/div>\n\t\t<\/div>\n\t\t\t\t<div class=\"elementor-column elementor-col-50 elementor-top-column elementor-element elementor-element-4750f6a\" data-id=\"4750f6a\" data-element_type=\"column\" data-e-type=\"column\">\n\t\t\t<div class=\"elementor-widget-wrap elementor-element-populated\">\n\t\t\t\t\t\t<div class=\"elementor-element elementor-element-e5cbf43 animated-slow elementor-invisible elementor-widget elementor-widget-heading\" data-id=\"e5cbf43\" data-element_type=\"widget\" data-e-type=\"widget\" data-settings=\"{&quot;_animation&quot;:&quot;fadeInUp&quot;}\" data-widget_type=\"heading.default\">\n\t\t\t\t<div class=\"elementor-widget-container\">\n\t\t\t\t\t<h3 class=\"elementor-heading-title elementor-size-default\">Unser handwerklich hergestelltes Speiseeis: Tradition und Innovation<\/h3>\t\t\t\t<\/div>\n\t\t\t\t<\/div>\n\t\t\t\t<div class=\"elementor-element elementor-element-7113b9a elementor-widget elementor-widget-text-editor\" data-id=\"7113b9a\" data-element_type=\"widget\" data-e-type=\"widget\" data-widget_type=\"text-editor.default\">\n\t\t\t\t<div class=\"elementor-widget-container\">\n\t\t\t\t\t\t\t\t\t<p>Unser Eis stammt aus traditionellen Rezepten, wird aber st\u00e4ndig an den Geschmack und die Bed\u00fcrfnisse des lokalen Marktes angepasst. Wir achten besonders auf typische Geschmacksrichtungen und regionale Vorlieben und passen Dosierungen und Zucker an, um ein perfektes Gleichgewicht zwischen Tradition und Innovation zu gew\u00e4hrleisten. So k\u00f6nnen wir ein sich st\u00e4ndig weiterentwickelndes Produkt anbieten, ohne jemals die Authentizit\u00e4t des &#8218;echten Geschmacks&#8216; zu verlieren.  <\/p>\n<p>E<strong>is f\u00fcr alle Geschm\u00e4cker<\/strong> Wir sind immer auf der Suche nach neuen M\u00f6glichkeiten, um die Bed\u00fcrfnisse unserer Kunden zu befriedigen, und f\u00fchren regelm\u00e4\u00dfig neue Varianten und L\u00f6sungen f\u00fcr Menschen mit besonderen Ern\u00e4hrungsbed\u00fcrfnissen ein. Wir bieten laktosefreie, glutenfreie und eiwei\u00dfhaltige Eissorten an, damit jeder die G\u00fcte unseres Eises genie\u00dfen kann, unabh\u00e4ngig von seinen Ern\u00e4hrungsgewohnheiten. <\/p>\n\t\t\t\t\t\t\t\t<\/div>\n\t\t\t\t<\/div>\n\t\t\t\t\t<\/div>\n\t\t<\/div>\n\t\t\t\t\t<\/div>\n\t\t<\/section>\n\t\t\t\t<\/div>\n\t\t","protected":false},"excerpt":{"rendered":"<p>Unser handwerklich hergestelltes Speiseeis: Tradition und Innovation Unser Eis stammt aus traditionellen Rezepten, wird aber st\u00e4ndig an den Geschmack und die Bed\u00fcrfnisse des lokalen Marktes angepasst. Wir achten besonders auf typische Geschmacksrichtungen und regionale Vorlieben und passen Dosierungen und Zucker an, um ein perfektes Gleichgewicht zwischen Tradition und Innovation zu gew\u00e4hrleisten. So k\u00f6nnen wir ein [&hellip;]<\/p>\n","protected":false},"author":2,"featured_media":0,"parent":0,"menu_order":0,"comment_status":"closed","ping_status":"closed","template":"","meta":{"_seopress_robots_primary_cat":"","_seopress_titles_title":"","_seopress_titles_desc":"","_seopress_robots_index":"","footnotes":""},"class_list":["post-967","page","type-page","status-publish","hentry"],"_links":{"self":[{"href":"https:\/\/gelatomargherita.swiss\/de\/wp-json\/wp\/v2\/pages\/967","targetHints":{"allow":["GET"]}}],"collection":[{"href":"https:\/\/gelatomargherita.swiss\/de\/wp-json\/wp\/v2\/pages"}],"about":[{"href":"https:\/\/gelatomargherita.swiss\/de\/wp-json\/wp\/v2\/types\/page"}],"author":[{"embeddable":true,"href":"https:\/\/gelatomargherita.swiss\/de\/wp-json\/wp\/v2\/users\/2"}],"replies":[{"embeddable":true,"href":"https:\/\/gelatomargherita.swiss\/de\/wp-json\/wp\/v2\/comments?post=967"}],"version-history":[{"count":0,"href":"https:\/\/gelatomargherita.swiss\/de\/wp-json\/wp\/v2\/pages\/967\/revisions"}],"wp:attachment":[{"href":"https:\/\/gelatomargherita.swiss\/de\/wp-json\/wp\/v2\/media?parent=967"}],"curies":[{"name":"wp","href":"https:\/\/api.w.org\/{rel}","templated":true}]}}