{"id":961,"date":"2024-10-16T10:45:34","date_gmt":"2024-10-16T08:45:34","guid":{"rendered":"https:\/\/margheritagelato.ch\/baratoli\/"},"modified":"2024-10-22T17:01:39","modified_gmt":"2024-10-22T15:01:39","slug":"baratoli","status":"publish","type":"page","link":"https:\/\/gelatomargherita.swiss\/de\/baratoli\/","title":{"rendered":"Baratoli"},"content":{"rendered":"\t\t<div data-elementor-type=\"wp-page\" data-elementor-id=\"961\" class=\"elementor elementor-961 elementor-202\" data-elementor-post-type=\"page\">\n\t\t\t\t\t\t<section class=\"elementor-section elementor-top-section elementor-element elementor-element-2df9db1 elementor-section-height-min-height elementor-section-boxed elementor-section-height-default elementor-section-items-middle\" data-id=\"2df9db1\" data-element_type=\"section\" data-e-type=\"section\" data-settings=\"{&quot;background_background&quot;:&quot;classic&quot;}\">\n\t\t\t\t\t\t<div class=\"elementor-container elementor-column-gap-default\">\n\t\t\t\t\t<div class=\"elementor-column elementor-col-100 elementor-top-column elementor-element elementor-element-451f5b3\" data-id=\"451f5b3\" data-element_type=\"column\" data-e-type=\"column\">\n\t\t\t<div class=\"elementor-widget-wrap elementor-element-populated\">\n\t\t\t\t\t\t\t<\/div>\n\t\t<\/div>\n\t\t\t\t\t<\/div>\n\t\t<\/section>\n\t\t\t\t<section class=\"elementor-section elementor-top-section elementor-element elementor-element-40a0a16 elementor-section-boxed elementor-section-height-default elementor-section-height-default\" data-id=\"40a0a16\" data-element_type=\"section\" data-e-type=\"section\">\n\t\t\t\t\t\t<div class=\"elementor-container elementor-column-gap-default\">\n\t\t\t\t\t<div class=\"elementor-column elementor-col-50 elementor-top-column elementor-element elementor-element-56007c5 animated-slow elementor-invisible\" data-id=\"56007c5\" data-element_type=\"column\" data-e-type=\"column\" data-settings=\"{&quot;animation&quot;:&quot;fadeInLeft&quot;}\">\n\t\t\t<div class=\"elementor-widget-wrap elementor-element-populated\">\n\t\t\t\t\t\t<div class=\"elementor-element elementor-element-70ac3cc elementor-widget elementor-widget-image\" data-id=\"70ac3cc\" data-element_type=\"widget\" data-e-type=\"widget\" data-widget_type=\"image.default\">\n\t\t\t\t<div class=\"elementor-widget-container\">\n\t\t\t\t\t\t\t\t\t\t\t\t\t\t\t<img fetchpriority=\"high\" decoding=\"async\" width=\"800\" height=\"642\" src=\"https:\/\/gelatomargherita.swiss\/wp-content\/uploads\/sites\/66\/2024\/10\/baratoli-1024x822.jpg\" class=\"attachment-large size-large wp-image-638\" alt=\"\" srcset=\"https:\/\/gelatomargherita.swiss\/wp-content\/uploads\/sites\/66\/2024\/10\/baratoli-1024x822.jpg 1024w, https:\/\/gelatomargherita.swiss\/wp-content\/uploads\/sites\/66\/2024\/10\/baratoli-300x241.jpg 300w, https:\/\/gelatomargherita.swiss\/wp-content\/uploads\/sites\/66\/2024\/10\/baratoli-768x617.jpg 768w, https:\/\/gelatomargherita.swiss\/wp-content\/uploads\/sites\/66\/2024\/10\/baratoli-1536x1233.jpg 1536w, https:\/\/gelatomargherita.swiss\/wp-content\/uploads\/sites\/66\/2024\/10\/baratoli.jpg 2010w\" sizes=\"(max-width: 800px) 100vw, 800px\" \/>\t\t\t\t\t\t\t\t\t\t\t\t\t\t\t<\/div>\n\t\t\t\t<\/div>\n\t\t\t\t\t<\/div>\n\t\t<\/div>\n\t\t\t\t<div class=\"elementor-column elementor-col-50 elementor-top-column elementor-element elementor-element-cf5971d\" data-id=\"cf5971d\" data-element_type=\"column\" data-e-type=\"column\">\n\t\t\t<div class=\"elementor-widget-wrap elementor-element-populated\">\n\t\t\t\t\t\t<div class=\"elementor-element elementor-element-440f41f animated-slow elementor-invisible elementor-widget elementor-widget-heading\" data-id=\"440f41f\" data-element_type=\"widget\" data-e-type=\"widget\" data-settings=\"{&quot;_animation&quot;:&quot;fadeInUp&quot;}\" data-widget_type=\"heading.default\">\n\t\t\t\t<div class=\"elementor-widget-container\">\n\t\t\t\t\t<h3 class=\"elementor-heading-title elementor-size-default\">Zweckm\u00e4\u00dfigkeit und handwerkliche Qualit\u00e4t<\/h3>\t\t\t\t<\/div>\n\t\t\t\t<\/div>\n\t\t\t\t<div class=\"elementor-element elementor-element-0a280b0 elementor-widget elementor-widget-text-editor\" data-id=\"0a280b0\" data-element_type=\"widget\" data-e-type=\"widget\" data-widget_type=\"text-editor.default\">\n\t\t\t\t<div class=\"elementor-widget-container\">\n\t\t\t\t\t\t\t\t\t<p>Auf dem sich st\u00e4ndig ver\u00e4ndernden Markt ist es wichtig, Produkte anzubieten, die den Bed\u00fcrfnissen der modernen Verbraucher entsprechen. Aus diesem Grund hat die <strong>Gelateria Margherita<\/strong> erfolgreich ihre <strong>handwerklich hergestellten Eisbecher<\/strong> auf den Markt gebracht, die f\u00fcr diejenigen gedacht sind, die <strong>Bequemlichkeit<\/strong> suchen, ohne dabei auf <strong>handwerkliche Qualit\u00e4t<\/strong> zu verzichten. <\/p>\n<p>Unsere Eiscreme-Gl\u00e4ser sind in einer breiten Palette sorgf\u00e4ltig ausgew\u00e4hlter Geschmacksrichtungen erh\u00e4ltlich, die aus Zutaten h\u00f6chster Qualit\u00e4t hergestellt werden. Dieses Format ist ideal f\u00fcr alle, die Raffinesse und Authentizit\u00e4t sch\u00e4tzen. Es bietet ein<strong>Gourmet-Eis-Erlebnis<\/strong>, das Sie jederzeit und \u00fcberall genie\u00dfen k\u00f6nnen. <\/p>\n<p>Sie finden <strong>Margherita-Dosen<\/strong> in den besten Fachgesch\u00e4ften, wo die Tradition des <strong>handwerklich hergestellten Eises<\/strong> auf die Innovation eines modernen Formats trifft, perfekt f\u00fcr alle, die ein praktisches, aber authentisches Produkt w\u00fcnschen.<\/p>\n<p>Entscheiden Sie sich f\u00fcr <strong>Margherita-Eisgl\u00e4ser<\/strong>, um den Geschmack von echtem handwerklich hergestelltem Eis nach Hause zu bringen, eine perfekte Kombination aus <strong>Innovation<\/strong> und <strong>Tradition<\/strong>.<\/p>\n\t\t\t\t\t\t\t\t<\/div>\n\t\t\t\t<\/div>\n\t\t\t\t\t<\/div>\n\t\t<\/div>\n\t\t\t\t\t<\/div>\n\t\t<\/section>\n\t\t\t\t<\/div>\n\t\t","protected":false},"excerpt":{"rendered":"<p>Zweckm\u00e4\u00dfigkeit und handwerkliche Qualit\u00e4t Auf dem sich st\u00e4ndig ver\u00e4ndernden Markt ist es wichtig, Produkte anzubieten, die den Bed\u00fcrfnissen der modernen Verbraucher entsprechen. Aus diesem Grund hat die Gelateria Margherita erfolgreich ihre handwerklich hergestellten Eisbecher auf den Markt gebracht, die f\u00fcr diejenigen gedacht sind, die Bequemlichkeit suchen, ohne dabei auf handwerkliche Qualit\u00e4t zu verzichten. Unsere Eiscreme-Gl\u00e4ser [&hellip;]<\/p>\n","protected":false},"author":2,"featured_media":0,"parent":0,"menu_order":0,"comment_status":"closed","ping_status":"closed","template":"","meta":{"_seopress_robots_primary_cat":"","_seopress_titles_title":"","_seopress_titles_desc":"","_seopress_robots_index":"","footnotes":""},"class_list":["post-961","page","type-page","status-publish","hentry"],"_links":{"self":[{"href":"https:\/\/gelatomargherita.swiss\/de\/wp-json\/wp\/v2\/pages\/961","targetHints":{"allow":["GET"]}}],"collection":[{"href":"https:\/\/gelatomargherita.swiss\/de\/wp-json\/wp\/v2\/pages"}],"about":[{"href":"https:\/\/gelatomargherita.swiss\/de\/wp-json\/wp\/v2\/types\/page"}],"author":[{"embeddable":true,"href":"https:\/\/gelatomargherita.swiss\/de\/wp-json\/wp\/v2\/users\/2"}],"replies":[{"embeddable":true,"href":"https:\/\/gelatomargherita.swiss\/de\/wp-json\/wp\/v2\/comments?post=961"}],"version-history":[{"count":0,"href":"https:\/\/gelatomargherita.swiss\/de\/wp-json\/wp\/v2\/pages\/961\/revisions"}],"wp:attachment":[{"href":"https:\/\/gelatomargherita.swiss\/de\/wp-json\/wp\/v2\/media?parent=961"}],"curies":[{"name":"wp","href":"https:\/\/api.w.org\/{rel}","templated":true}]}}