{"id":797,"date":"2024-10-15T10:00:35","date_gmt":"2024-10-15T08:00:35","guid":{"rendered":"https:\/\/margheritagelato.ch\/produktion\/"},"modified":"2024-10-22T17:00:10","modified_gmt":"2024-10-22T15:00:10","slug":"produktion","status":"publish","type":"page","link":"https:\/\/gelatomargherita.swiss\/de\/produktion\/","title":{"rendered":"Produktion"},"content":{"rendered":"\t\t<div data-elementor-type=\"wp-page\" data-elementor-id=\"797\" class=\"elementor elementor-797 elementor-122\" data-elementor-post-type=\"page\">\n\t\t\t\t\t\t<section class=\"elementor-section elementor-top-section elementor-element elementor-element-25ae14b elementor-section-height-min-height elementor-section-boxed elementor-section-height-default elementor-section-items-middle\" data-id=\"25ae14b\" data-element_type=\"section\" data-e-type=\"section\" data-settings=\"{&quot;background_background&quot;:&quot;classic&quot;}\">\n\t\t\t\t\t\t<div class=\"elementor-container elementor-column-gap-default\">\n\t\t\t\t\t<div class=\"elementor-column elementor-col-100 elementor-top-column elementor-element elementor-element-078eaf0\" data-id=\"078eaf0\" data-element_type=\"column\" data-e-type=\"column\">\n\t\t\t<div class=\"elementor-widget-wrap elementor-element-populated\">\n\t\t\t\t\t\t\t<\/div>\n\t\t<\/div>\n\t\t\t\t\t<\/div>\n\t\t<\/section>\n\t\t\t\t<section class=\"elementor-section elementor-top-section elementor-element elementor-element-7f659ce elementor-section-boxed elementor-section-height-default elementor-section-height-default\" data-id=\"7f659ce\" data-element_type=\"section\" data-e-type=\"section\">\n\t\t\t\t\t\t<div class=\"elementor-container elementor-column-gap-default\">\n\t\t\t\t\t<div class=\"elementor-column elementor-col-50 elementor-top-column elementor-element elementor-element-5dcfeae animated-slow elementor-invisible\" data-id=\"5dcfeae\" data-element_type=\"column\" data-e-type=\"column\" data-settings=\"{&quot;animation&quot;:&quot;fadeInLeft&quot;}\">\n\t\t\t<div class=\"elementor-widget-wrap elementor-element-populated\">\n\t\t\t\t\t\t<div class=\"elementor-element elementor-element-c7b963c elementor-widget elementor-widget-image\" data-id=\"c7b963c\" data-element_type=\"widget\" data-e-type=\"widget\" data-widget_type=\"image.default\">\n\t\t\t\t<div class=\"elementor-widget-container\">\n\t\t\t\t\t\t\t\t\t\t\t\t\t\t\t<img fetchpriority=\"high\" decoding=\"async\" width=\"2000\" height=\"1335\" src=\"https:\/\/gelatomargherita.swiss\/wp-content\/uploads\/sites\/66\/2024\/10\/selection-of-different-ice-cream-scoops.jpg\" class=\"attachment-full size-full wp-image-647\" alt=\"\" srcset=\"https:\/\/gelatomargherita.swiss\/wp-content\/uploads\/sites\/66\/2024\/10\/selection-of-different-ice-cream-scoops.jpg 2000w, https:\/\/gelatomargherita.swiss\/wp-content\/uploads\/sites\/66\/2024\/10\/selection-of-different-ice-cream-scoops-300x200.jpg 300w, https:\/\/gelatomargherita.swiss\/wp-content\/uploads\/sites\/66\/2024\/10\/selection-of-different-ice-cream-scoops-1024x684.jpg 1024w, https:\/\/gelatomargherita.swiss\/wp-content\/uploads\/sites\/66\/2024\/10\/selection-of-different-ice-cream-scoops-768x513.jpg 768w, https:\/\/gelatomargherita.swiss\/wp-content\/uploads\/sites\/66\/2024\/10\/selection-of-different-ice-cream-scoops-1536x1025.jpg 1536w\" sizes=\"(max-width: 2000px) 100vw, 2000px\" \/>\t\t\t\t\t\t\t\t\t\t\t\t\t\t\t<\/div>\n\t\t\t\t<\/div>\n\t\t\t\t\t<\/div>\n\t\t<\/div>\n\t\t\t\t<div class=\"elementor-column elementor-col-50 elementor-top-column elementor-element elementor-element-95ba921\" data-id=\"95ba921\" data-element_type=\"column\" data-e-type=\"column\">\n\t\t\t<div class=\"elementor-widget-wrap elementor-element-populated\">\n\t\t\t\t\t\t<div class=\"elementor-element elementor-element-730fe44 animated-slow elementor-invisible elementor-widget elementor-widget-heading\" data-id=\"730fe44\" data-element_type=\"widget\" data-e-type=\"widget\" data-settings=\"{&quot;_animation&quot;:&quot;fadeInUp&quot;}\" data-widget_type=\"heading.default\">\n\t\t\t\t<div class=\"elementor-widget-container\">\n\t\t\t\t\t<h3 class=\"elementor-heading-title elementor-size-default\">Unser Kunsthandwerker Workshop<\/h3>\t\t\t\t<\/div>\n\t\t\t\t<\/div>\n\t\t\t\t<div class=\"elementor-element elementor-element-13b895e elementor-widget elementor-widget-text-editor\" data-id=\"13b895e\" data-element_type=\"widget\" data-e-type=\"widget\" data-widget_type=\"text-editor.default\">\n\t\t\t\t<div class=\"elementor-widget-container\">\n\t\t\t\t\t\t\t\t\t<p>In unserem Handwerksbetrieb l\u00e4uft die Produktion 7 Tage in der Woche, so dass wir jeden Tag frisches Eis und Sorbets garantieren k\u00f6nnen. Mit einem Team von 4-5 Mitarbeitern, das in der Hochsaison w\u00e4chst, k\u00f6nnen wir eine hohe betriebliche Effizienz gew\u00e4hrleisten, ohne Kompromisse bei der Qualit\u00e4t einzugehen. <\/p>\n<p>Q<strong>ualit\u00e4t und Quantit\u00e4t der Produktion<\/strong> Mit \u00fcber 25 Jahren Erfahrung in der Branche haben wir unser Produktionssystem perfektioniert, um die Prozesse zu optimieren und gleichzeitig hohe Leistungs- und Produktionsstandards aufrechtzuerhalten. Jeden Tag kann unser Labor in einer einzigen Schicht mehr als 2.000 Liter Eis und Sorbet produzieren. Dieses Volumen kann durch den Einsatz mehrerer Schichten noch gesteigert werden, was eine maximale betriebliche Flexibilit\u00e4t gew\u00e4hrleistet.  <\/p>\n<p><strong>Unser Ziel<\/strong> war es schon immer, den authentischen Geschmack von handwerklich hergestelltem Speiseeis wiederzugeben und dabei die Frische und Qualit\u00e4t zu bewahren, die uns auszeichnen. Das allm\u00e4hliche Wachstum unseres Labors erm\u00f6glicht es uns, die Qualit\u00e4t des Endprodukts zu bewahren, ohne unsere Werte und unser Engagement f\u00fcr Exzellenz zu gef\u00e4hrden. <\/p>\n\t\t\t\t\t\t\t\t<\/div>\n\t\t\t\t<\/div>\n\t\t\t\t\t<\/div>\n\t\t<\/div>\n\t\t\t\t\t<\/div>\n\t\t<\/section>\n\t\t\t\t<\/div>\n\t\t","protected":false},"excerpt":{"rendered":"<p>Unser Kunsthandwerker Workshop In unserem Handwerksbetrieb l\u00e4uft die Produktion 7 Tage in der Woche, so dass wir jeden Tag frisches Eis und Sorbets garantieren k\u00f6nnen. Mit einem Team von 4-5 Mitarbeitern, das in der Hochsaison w\u00e4chst, k\u00f6nnen wir eine hohe betriebliche Effizienz gew\u00e4hrleisten, ohne Kompromisse bei der Qualit\u00e4t einzugehen. Qualit\u00e4t und Quantit\u00e4t der Produktion Mit [&hellip;]<\/p>\n","protected":false},"author":2,"featured_media":0,"parent":0,"menu_order":0,"comment_status":"closed","ping_status":"closed","template":"elementor_header_footer","meta":{"_seopress_robots_primary_cat":"","_seopress_titles_title":"","_seopress_titles_desc":"","_seopress_robots_index":"","footnotes":""},"class_list":["post-797","page","type-page","status-publish","hentry"],"_links":{"self":[{"href":"https:\/\/gelatomargherita.swiss\/de\/wp-json\/wp\/v2\/pages\/797","targetHints":{"allow":["GET"]}}],"collection":[{"href":"https:\/\/gelatomargherita.swiss\/de\/wp-json\/wp\/v2\/pages"}],"about":[{"href":"https:\/\/gelatomargherita.swiss\/de\/wp-json\/wp\/v2\/types\/page"}],"author":[{"embeddable":true,"href":"https:\/\/gelatomargherita.swiss\/de\/wp-json\/wp\/v2\/users\/2"}],"replies":[{"embeddable":true,"href":"https:\/\/gelatomargherita.swiss\/de\/wp-json\/wp\/v2\/comments?post=797"}],"version-history":[{"count":0,"href":"https:\/\/gelatomargherita.swiss\/de\/wp-json\/wp\/v2\/pages\/797\/revisions"}],"wp:attachment":[{"href":"https:\/\/gelatomargherita.swiss\/de\/wp-json\/wp\/v2\/media?parent=797"}],"curies":[{"name":"wp","href":"https:\/\/api.w.org\/{rel}","templated":true}]}}