{"id":788,"date":"2024-10-08T08:54:05","date_gmt":"2024-10-08T06:54:05","guid":{"rendered":"https:\/\/margheritagelato.ch\/startseite\/"},"modified":"2024-10-22T17:01:51","modified_gmt":"2024-10-22T15:01:51","slug":"startseite","status":"publish","type":"page","link":"https:\/\/gelatomargherita.swiss\/de\/","title":{"rendered":"Startseite"},"content":{"rendered":"\t\t<div data-elementor-type=\"wp-page\" data-elementor-id=\"788\" class=\"elementor elementor-788 elementor-2\" data-elementor-post-type=\"page\">\n\t\t\t\t\t\t<section class=\"elementor-section elementor-top-section elementor-element elementor-element-45dbcff4 elementor-section-boxed elementor-section-height-default elementor-section-height-default\" data-id=\"45dbcff4\" data-element_type=\"section\" data-e-type=\"section\">\n\t\t\t\t\t\t<div class=\"elementor-container elementor-column-gap-default\">\n\t\t\t\t\t<div class=\"elementor-column elementor-col-100 elementor-top-column elementor-element elementor-element-59ad8f0c\" data-id=\"59ad8f0c\" data-element_type=\"column\" data-e-type=\"column\">\n\t\t\t<div class=\"elementor-widget-wrap elementor-element-populated\">\n\t\t\t\t\t\t<div class=\"elementor-element elementor-element-a68711f elementor-widget elementor-widget-wpml-language-switcher\" data-id=\"a68711f\" data-element_type=\"widget\" data-e-type=\"widget\" data-widget_type=\"wpml-language-switcher.default\">\n\t\t\t\t<div class=\"elementor-widget-container\">\n\t\t\t\t\t<div class=\"wpml-elementor-ls\">\n<div role=\"navigation\" aria-label=\"Sprachwechsler\" class=\"wpml-ls-statics-shortcode_actions wpml-ls wpml-ls-legacy-list-horizontal\">\n\t<ul><li class=\"wpml-ls-slot-shortcode_actions wpml-ls-item wpml-ls-item-it wpml-ls-first-item wpml-ls-item-legacy-list-horizontal\">\n\t\t\t\t<a href=\"https:\/\/gelatomargherita.swiss\/\" hreflang=\"it\" lang=\"it\" class=\"wpml-ls-link\" aria-label=\"Wechseln zu Italienisch\" title=\"Wechseln zu Italienisch\">\n\t\t\t\t\t                                    <img decoding=\"async\"\n            class=\"wpml-ls-flag\"\n            src=\"https:\/\/gelatomargherita.swiss\/wp-content\/plugins\/sitepress-multilingual-cms\/res\/flags\/it.svg\"\n            alt=\"Italienisch\"\n            loading=\"lazy\"\n            width=18\n            height=12\n    \/><\/a>\n\t\t\t<\/li><li class=\"wpml-ls-slot-shortcode_actions wpml-ls-item wpml-ls-item-de wpml-ls-current-language wpml-ls-item-legacy-list-horizontal\">\n\t\t\t\t<a href=\"https:\/\/gelatomargherita.swiss\/de\/\" hreflang=\"de\" lang=\"de\" class=\"wpml-ls-link\" aria-current=\"page\" aria-label=\"Wechseln zu Deutsch\" title=\"Wechseln zu Deutsch\">\n\t\t\t\t\t                                    <img decoding=\"async\"\n            class=\"wpml-ls-flag\"\n            src=\"https:\/\/gelatomargherita.swiss\/wp-content\/plugins\/sitepress-multilingual-cms\/res\/flags\/de.svg\"\n            alt=\"Deutsch\"\n            loading=\"lazy\"\n            width=18\n            height=12\n    \/><\/a>\n\t\t\t<\/li><li class=\"wpml-ls-slot-shortcode_actions wpml-ls-item wpml-ls-item-fr wpml-ls-item-legacy-list-horizontal\">\n\t\t\t\t<a href=\"https:\/\/gelatomargherita.swiss\/fr\/\" hreflang=\"fr\" lang=\"fr\" class=\"wpml-ls-link\" aria-label=\"Wechseln zu Franz\u00f6sisch\" title=\"Wechseln zu Franz\u00f6sisch\">\n\t\t\t\t\t                                    <img decoding=\"async\"\n            class=\"wpml-ls-flag\"\n            src=\"https:\/\/gelatomargherita.swiss\/wp-content\/plugins\/sitepress-multilingual-cms\/res\/flags\/fr.svg\"\n            alt=\"Franz\u00f6sisch\"\n            loading=\"lazy\"\n            width=18\n            height=12\n    \/><\/a>\n\t\t\t<\/li><li class=\"wpml-ls-slot-shortcode_actions wpml-ls-item wpml-ls-item-en wpml-ls-last-item wpml-ls-item-legacy-list-horizontal\">\n\t\t\t\t<a href=\"https:\/\/gelatomargherita.swiss\/en\/\" hreflang=\"en\" lang=\"en\" class=\"wpml-ls-link\" aria-label=\"Wechseln zu Englisch\" title=\"Wechseln zu Englisch\">\n\t\t\t\t\t                                    <img decoding=\"async\"\n            class=\"wpml-ls-flag\"\n            src=\"https:\/\/gelatomargherita.swiss\/wp-content\/plugins\/sitepress-multilingual-cms\/res\/flags\/en.svg\"\n            alt=\"Englisch\"\n            loading=\"lazy\"\n            width=18\n            height=12\n    \/><\/a>\n\t\t\t<\/li><\/ul>\n<\/div>\n<\/div>\t\t\t\t<\/div>\n\t\t\t\t<\/div>\n\t\t\t\t<div class=\"elementor-element elementor-element-7c105f5a animated-slow elementor-invisible elementor-widget elementor-widget-heading\" data-id=\"7c105f5a\" data-element_type=\"widget\" data-e-type=\"widget\" data-settings=\"{&quot;_animation&quot;:&quot;fadeInUp&quot;}\" data-widget_type=\"heading.default\">\n\t\t\t\t<div class=\"elementor-widget-container\">\n\t\t\t\t\t<h1 class=\"elementor-heading-title elementor-size-default\">Margherita Eiscreme\n<\/h1>\t\t\t\t<\/div>\n\t\t\t\t<\/div>\n\t\t\t\t<div class=\"elementor-element elementor-element-1e70acd9 elementor-widget elementor-widget-text-editor\" data-id=\"1e70acd9\" data-element_type=\"widget\" data-e-type=\"widget\" data-widget_type=\"text-editor.default\">\n\t\t\t\t<div class=\"elementor-widget-container\">\n\t\t\t\t\t\t\t\t\t<p>Seit 1996 f\u00fchrt Gelato Margherita die Tradition der <strong>handgemachten Eiscreme<\/strong> mit Leidenschaft und Professionalit\u00e4t fort. Unsere Produktionsst\u00e4tte in der <strong>Via Cantonale 89 in Riazzino, Schweiz<\/strong>, ist das Herzst\u00fcck unseres Engagements f\u00fcr die Herstellung von nat\u00fcrlichem, cremigem und qualitativ hochwertigem Eis, f\u00fcr das nur <strong>ausgew\u00e4hlte Rohstoffe<\/strong> verwendet und die Saisonalit\u00e4t der Produkte respektiert werden. <\/p>\n\t\t\t\t\t\t\t\t<\/div>\n\t\t\t\t<\/div>\n\t\t\t\t<section class=\"elementor-section elementor-inner-section elementor-element elementor-element-54d2980 animated-slow elementor-section-boxed elementor-section-height-default elementor-section-height-default elementor-invisible\" data-id=\"54d2980\" data-element_type=\"section\" data-e-type=\"section\" data-settings=\"{&quot;animation&quot;:&quot;fadeInUp&quot;}\">\n\t\t\t\t\t\t<div class=\"elementor-container elementor-column-gap-default\">\n\t\t\t\t\t<div class=\"elementor-column elementor-col-100 elementor-inner-column elementor-element elementor-element-6c594715\" data-id=\"6c594715\" data-element_type=\"column\" data-e-type=\"column\" data-settings=\"{&quot;background_background&quot;:&quot;classic&quot;}\">\n\t\t\t<div class=\"elementor-widget-wrap elementor-element-populated\">\n\t\t\t\t\t\t<div class=\"elementor-element elementor-element-b6e7413 elementor-widget elementor-widget-image\" data-id=\"b6e7413\" data-element_type=\"widget\" data-e-type=\"widget\" data-widget_type=\"image.default\">\n\t\t\t\t<div class=\"elementor-widget-container\">\n\t\t\t\t\t\t\t\t\t\t\t\t\t\t\t\t<a href=\"https:\/\/gelatomargherita.swiss\/de\/margherita-eiscreme\/\">\n\t\t\t\t\t\t\t<img fetchpriority=\"high\" decoding=\"async\" width=\"800\" height=\"545\" src=\"https:\/\/gelatomargherita.swiss\/wp-content\/uploads\/sites\/66\/2024\/10\/logo-margherita-1024x697.png\" class=\"attachment-large size-large wp-image-512\" alt=\"\" srcset=\"https:\/\/gelatomargherita.swiss\/wp-content\/uploads\/sites\/66\/2024\/10\/logo-margherita-1024x697.png 1024w, https:\/\/gelatomargherita.swiss\/wp-content\/uploads\/sites\/66\/2024\/10\/logo-margherita-300x204.png 300w, https:\/\/gelatomargherita.swiss\/wp-content\/uploads\/sites\/66\/2024\/10\/logo-margherita-768x523.png 768w, https:\/\/gelatomargherita.swiss\/wp-content\/uploads\/sites\/66\/2024\/10\/logo-margherita-1536x1046.png 1536w, https:\/\/gelatomargherita.swiss\/wp-content\/uploads\/sites\/66\/2024\/10\/logo-margherita.png 1664w\" sizes=\"(max-width: 800px) 100vw, 800px\" \/>\t\t\t\t\t\t\t\t<\/a>\n\t\t\t\t\t\t\t\t\t\t\t\t\t\t\t<\/div>\n\t\t\t\t<\/div>\n\t\t\t\t\t<\/div>\n\t\t<\/div>\n\t\t\t\t\t<\/div>\n\t\t<\/section>\n\t\t\t\t<section class=\"elementor-section elementor-inner-section elementor-element elementor-element-7ae59e0e animated-slow elementor-section-boxed elementor-section-height-default elementor-section-height-default elementor-invisible\" data-id=\"7ae59e0e\" data-element_type=\"section\" data-e-type=\"section\" data-settings=\"{&quot;animation&quot;:&quot;fadeInUp&quot;}\">\n\t\t\t\t\t\t<div class=\"elementor-container elementor-column-gap-default\">\n\t\t\t\t\t<div class=\"elementor-column elementor-col-100 elementor-inner-column elementor-element elementor-element-12651a8f\" data-id=\"12651a8f\" data-element_type=\"column\" data-e-type=\"column\" data-settings=\"{&quot;background_background&quot;:&quot;classic&quot;}\">\n\t\t\t<div class=\"elementor-widget-wrap elementor-element-populated\">\n\t\t\t\t\t\t<div class=\"elementor-element elementor-element-c2cc029 elementor-widget elementor-widget-image\" data-id=\"c2cc029\" data-element_type=\"widget\" data-e-type=\"widget\" data-widget_type=\"image.default\">\n\t\t\t\t<div class=\"elementor-widget-container\">\n\t\t\t\t\t\t\t\t\t\t\t\t\t\t\t\t<a href=\"https:\/\/gelatomargherita.swiss\/de\/giazz\/\">\n\t\t\t\t\t\t\t<img decoding=\"async\" width=\"372\" height=\"1024\" src=\"https:\/\/gelatomargherita.swiss\/wp-content\/uploads\/sites\/66\/2024\/10\/logo-giazz-372x1024.png\" class=\"attachment-large size-large wp-image-611\" alt=\"\" srcset=\"https:\/\/gelatomargherita.swiss\/wp-content\/uploads\/sites\/66\/2024\/10\/logo-giazz-372x1024.png 372w, https:\/\/gelatomargherita.swiss\/wp-content\/uploads\/sites\/66\/2024\/10\/logo-giazz-109x300.png 109w, https:\/\/gelatomargherita.swiss\/wp-content\/uploads\/sites\/66\/2024\/10\/logo-giazz-768x2116.png 768w, https:\/\/gelatomargherita.swiss\/wp-content\/uploads\/sites\/66\/2024\/10\/logo-giazz-743x2048.png 743w, https:\/\/gelatomargherita.swiss\/wp-content\/uploads\/sites\/66\/2024\/10\/logo-giazz.png 1429w\" sizes=\"(max-width: 372px) 100vw, 372px\" \/>\t\t\t\t\t\t\t\t<\/a>\n\t\t\t\t\t\t\t\t\t\t\t\t\t\t\t<\/div>\n\t\t\t\t<\/div>\n\t\t\t\t\t<\/div>\n\t\t<\/div>\n\t\t\t\t\t<\/div>\n\t\t<\/section>\n\t\t\t\t<section class=\"elementor-section elementor-inner-section elementor-element elementor-element-57244d3 animated-slow elementor-section-boxed elementor-section-height-default elementor-section-height-default elementor-invisible\" data-id=\"57244d3\" data-element_type=\"section\" data-e-type=\"section\" data-settings=\"{&quot;animation&quot;:&quot;fadeInUp&quot;}\">\n\t\t\t\t\t\t<div class=\"elementor-container elementor-column-gap-default\">\n\t\t\t\t\t<div class=\"elementor-column elementor-col-100 elementor-inner-column elementor-element elementor-element-935222c\" data-id=\"935222c\" data-element_type=\"column\" data-e-type=\"column\" data-settings=\"{&quot;background_background&quot;:&quot;classic&quot;}\">\n\t\t\t<div class=\"elementor-widget-wrap elementor-element-populated\">\n\t\t\t\t\t\t<div class=\"elementor-element elementor-element-dc3bf03 elementor-position-top elementor-widget elementor-widget-image-box\" data-id=\"dc3bf03\" data-element_type=\"widget\" data-e-type=\"widget\" data-widget_type=\"image-box.default\">\n\t\t\t\t<div class=\"elementor-widget-container\">\n\t\t\t\t\t<div class=\"elementor-image-box-wrapper\"><figure class=\"elementor-image-box-img\"><a href=\"https:\/\/gelatomargherita.swiss\/de\/shop\/\" tabindex=\"-1\"><img decoding=\"async\" width=\"1356\" height=\"1038\" src=\"https:\/\/gelatomargherita.swiss\/wp-content\/uploads\/sites\/66\/2024\/10\/negozio.jpg\" class=\"elementor-animation-float attachment-full size-full wp-image-152\" alt=\"\" srcset=\"https:\/\/gelatomargherita.swiss\/wp-content\/uploads\/sites\/66\/2024\/10\/negozio.jpg 1356w, https:\/\/gelatomargherita.swiss\/wp-content\/uploads\/sites\/66\/2024\/10\/negozio-300x230.jpg 300w, https:\/\/gelatomargherita.swiss\/wp-content\/uploads\/sites\/66\/2024\/10\/negozio-1024x784.jpg 1024w, https:\/\/gelatomargherita.swiss\/wp-content\/uploads\/sites\/66\/2024\/10\/negozio-768x588.jpg 768w\" sizes=\"(max-width: 1356px) 100vw, 1356px\" \/><\/a><\/figure><div class=\"elementor-image-box-content\"><h4 class=\"elementor-image-box-title\"><a href=\"https:\/\/gelatomargherita.swiss\/de\/shop\/\">Franchising Verkaufsstellen<\/a><\/h4><p class=\"elementor-image-box-description\">Begleiten Sie uns bei der Er\u00f6ffnung unseres ersten Gesch\u00e4fts, in dem Eiscreme dank hochwertiger Produkte und sorgf\u00e4ltigem Design zu einem einzigartigen Erlebnis wird.<\/p><\/div><\/div>\t\t\t\t<\/div>\n\t\t\t\t<\/div>\n\t\t\t\t\t<\/div>\n\t\t<\/div>\n\t\t\t\t\t<\/div>\n\t\t<\/section>\n\t\t\t\t\t<\/div>\n\t\t<\/div>\n\t\t\t\t\t<\/div>\n\t\t<\/section>\n\t\t\t\t<\/div>\n\t\t","protected":false},"excerpt":{"rendered":"<p>Margherita Eiscreme Seit 1996 f\u00fchrt Gelato Margherita die Tradition der handgemachten Eiscreme mit Leidenschaft und Professionalit\u00e4t fort. Unsere Produktionsst\u00e4tte in der Via Cantonale 89 in Riazzino, Schweiz, ist das Herzst\u00fcck unseres Engagements f\u00fcr die Herstellung von nat\u00fcrlichem, cremigem und qualitativ hochwertigem Eis, f\u00fcr das nur ausgew\u00e4hlte Rohstoffe verwendet und die Saisonalit\u00e4t der Produkte respektiert werden. [&hellip;]<\/p>\n","protected":false},"author":2,"featured_media":0,"parent":0,"menu_order":0,"comment_status":"closed","ping_status":"open","template":"elementor_canvas","meta":{"_seopress_robots_primary_cat":"","_seopress_titles_title":"Gelato Margherita | Handwerklich hergestelltes Qualit\u00e4tseis seit 1996","_seopress_titles_desc":"Entdecken Sie Gelato Margherita, das echte italienische handwerklich hergestellte Eis seit 1996. Authentischer Geschmack, nat\u00fcrliche Zutaten, keine k\u00fcnstlichen Farb- oder Aromastoffe. Genie\u00dfen Sie die Frische der Tradition  ","_seopress_robots_index":"","footnotes":""},"class_list":["post-788","page","type-page","status-publish","hentry"],"_links":{"self":[{"href":"https:\/\/gelatomargherita.swiss\/de\/wp-json\/wp\/v2\/pages\/788","targetHints":{"allow":["GET"]}}],"collection":[{"href":"https:\/\/gelatomargherita.swiss\/de\/wp-json\/wp\/v2\/pages"}],"about":[{"href":"https:\/\/gelatomargherita.swiss\/de\/wp-json\/wp\/v2\/types\/page"}],"author":[{"embeddable":true,"href":"https:\/\/gelatomargherita.swiss\/de\/wp-json\/wp\/v2\/users\/2"}],"replies":[{"embeddable":true,"href":"https:\/\/gelatomargherita.swiss\/de\/wp-json\/wp\/v2\/comments?post=788"}],"version-history":[{"count":0,"href":"https:\/\/gelatomargherita.swiss\/de\/wp-json\/wp\/v2\/pages\/788\/revisions"}],"wp:attachment":[{"href":"https:\/\/gelatomargherita.swiss\/de\/wp-json\/wp\/v2\/media?parent=788"}],"curies":[{"name":"wp","href":"https:\/\/api.w.org\/{rel}","templated":true}]}}